{"id":83,"date":"2023-03-20T10:03:57","date_gmt":"2023-03-20T10:03:57","guid":{"rendered":"https:\/\/corporate.flynorse.com\/?page_id=83"},"modified":"2026-03-23T16:42:26","modified_gmt":"2026-03-23T16:42:26","slug":"shareholders","status":"publish","type":"page","link":"https:\/\/corporate.flynorse.com\/en-gb\/investor-relations\/shareholders\/","title":{"rendered":"Shareholders"},"content":{"rendered":"\n<h4>Per end of day MAR 23, 2026<\/h4>\n\n\n\n<p>Founder, Bj\u00f8rn Tore Larsen, is the largest shareholder of Norse Atlantic ASA through B T Larsen &amp; Co Limited.<\/p>\n\n\n\n<figure class=\"wp-block-table\"><table><tbody><tr><td>Rank<\/td><td>Holding<\/td><td>Stake<\/td><td>Name<\/td><\/tr><tr><td>1<\/td><td>&nbsp;&nbsp;&nbsp;&nbsp;&nbsp;&nbsp;&nbsp;&nbsp; 47,904,781<\/td><td>29.5%<\/td><td>B T LARSEN &amp; CO LIMITED<\/td><\/tr><tr><td>2<\/td><td>&nbsp;&nbsp;&nbsp;&nbsp;&nbsp;&nbsp;&nbsp;&nbsp; 13,598,610<\/td><td>8.4%<\/td><td>SONGA CAPITAL AS<\/td><\/tr><tr><td>3<\/td><td>&nbsp;&nbsp;&nbsp;&nbsp;&nbsp;&nbsp;&nbsp;&nbsp; 11,400,000<\/td><td>7.0%<\/td><td>UBS FINANCIAL SERVICES INC.<\/td><\/tr><tr><td>4<\/td><td>&nbsp;&nbsp;&nbsp;&nbsp;&nbsp;&nbsp;&nbsp;&nbsp;&nbsp;&nbsp; 4,172,291<\/td><td>2.6%<\/td><td>UBS Switzerland AG<\/td><\/tr><tr><td>5<\/td><td>&nbsp;&nbsp;&nbsp;&nbsp;&nbsp;&nbsp;&nbsp;&nbsp;&nbsp;&nbsp; 3,790,947<\/td><td>2.3%<\/td><td>Citibank, N.A.<\/td><\/tr><tr><td>6<\/td><td>&nbsp;&nbsp;&nbsp;&nbsp;&nbsp;&nbsp;&nbsp;&nbsp;&nbsp;&nbsp; 3,762,634<\/td><td>2.3%<\/td><td>Pershing LLC<\/td><\/tr><tr><td>7<\/td><td>&nbsp;&nbsp;&nbsp;&nbsp;&nbsp;&nbsp;&nbsp;&nbsp;&nbsp;&nbsp; 3,000,000<\/td><td>1.8%<\/td><td>VICAMA AS<\/td><\/tr><tr><td>8<\/td><td>&nbsp;&nbsp;&nbsp;&nbsp;&nbsp;&nbsp;&nbsp;&nbsp;&nbsp;&nbsp; 2,731,602<\/td><td>1.7%<\/td><td>ALTO HOLDING AS<\/td><\/tr><tr><td>9<\/td><td>&nbsp;&nbsp;&nbsp;&nbsp;&nbsp;&nbsp;&nbsp;&nbsp;&nbsp;&nbsp; 2,500,000<\/td><td>1.5%<\/td><td>TIGERSTADEN AS<\/td><\/tr><tr><td>10<\/td><td>&nbsp;&nbsp;&nbsp;&nbsp;&nbsp;&nbsp;&nbsp;&nbsp;&nbsp;&nbsp; 2,304,925<\/td><td>1.4%<\/td><td>Soci\u00e9t\u00e9 G\u00e9n\u00e9rale<\/td><\/tr><tr><td>11<\/td><td>&nbsp;&nbsp;&nbsp;&nbsp;&nbsp;&nbsp;&nbsp;&nbsp;&nbsp;&nbsp; 2,250,000<\/td><td>1.4%<\/td><td>ALDEN AS<\/td><\/tr><tr><td>12<\/td><td>&nbsp;&nbsp;&nbsp;&nbsp;&nbsp;&nbsp;&nbsp;&nbsp;&nbsp;&nbsp; 2,242,378<\/td><td>1.4%<\/td><td>LIVERMORE INVEST AS<\/td><\/tr><tr><td>13<\/td><td>&nbsp;&nbsp;&nbsp;&nbsp;&nbsp;&nbsp;&nbsp;&nbsp;&nbsp;&nbsp; 2,213,328<\/td><td>1.4%<\/td><td>G\u00c5RDEN<\/td><\/tr><tr><td>14<\/td><td>&nbsp;&nbsp;&nbsp;&nbsp;&nbsp;&nbsp;&nbsp;&nbsp;&nbsp;&nbsp; 1,106,469<\/td><td>0.7%<\/td><td>METAL MONKEY AS<\/td><\/tr><tr><td>15<\/td><td>&nbsp;&nbsp;&nbsp;&nbsp;&nbsp;&nbsp;&nbsp;&nbsp;&nbsp;&nbsp; 1,050,001<\/td><td>0.6%<\/td><td>F2 FUNDS AS<\/td><\/tr><tr><td>16<\/td><td>&nbsp;&nbsp;&nbsp;&nbsp;&nbsp;&nbsp;&nbsp;&nbsp;&nbsp;&nbsp; 1,009,754<\/td><td>0.6%<\/td><td>AKB AS<\/td><\/tr><tr><td>17<\/td><td>&nbsp;&nbsp;&nbsp;&nbsp;&nbsp;&nbsp;&nbsp;&nbsp;&nbsp;&nbsp; 1,009,753<\/td><td>0.6%<\/td><td>JJB AS<\/td><\/tr><tr><td>18<\/td><td>&nbsp;&nbsp;&nbsp;&nbsp;&nbsp;&nbsp;&nbsp;&nbsp;&nbsp;&nbsp; 1,009,752<\/td><td>0.6%<\/td><td>AGMABLY AS<\/td><\/tr><tr><td>19<\/td><td>&nbsp;&nbsp;&nbsp;&nbsp;&nbsp;&nbsp;&nbsp;&nbsp;&nbsp;&nbsp;&nbsp;&nbsp;&nbsp;&nbsp; 997,302<\/td><td>0.6%<\/td><td>PURE AS<\/td><\/tr><tr><td>20<\/td><td>&nbsp;&nbsp;&nbsp;&nbsp;&nbsp;&nbsp;&nbsp;&nbsp;&nbsp;&nbsp;&nbsp;&nbsp;&nbsp;&nbsp; 940,884<\/td><td>0.6%<\/td><td>F1 FUNDS AS<\/td><\/tr><tr><td><\/td><td>&nbsp;&nbsp;&nbsp;&nbsp;&nbsp;&nbsp; 108,995,411<\/td><td>67.0%<\/td><td>Top 20 shareholders<\/td><\/tr><\/tbody><\/table><\/figure>\n\n\n\n<p><strong>Shareholders registered with Euronext Securities Oslo<\/strong><\/p>\n\n\n\n<p>The complete shareholder register of Norse Atlantic ASA may be accessed through the <a href=\"https:\/\/www.aksjeeierregisteret.no\/?lang=en\">Public Shareholder Portal<\/a> (external link) established by Euronext Securities Oslo (Verdipapirsentralen ASA).<\/p>\n\n\n\n<p><strong>Beneficial owners of shares in Norse Atlantic ASA<\/strong><\/p>\n\n\n\n<p>An overview of the company&#8217;s shareholders, including owners of nominee-registered shares per 30 April 2025, may be requested by contacting Norse Atlantic ASA by e-mail to <a href=\"mailto:anders.jomaas@flynorse.com\">anders.jomaas@flynorse.com<\/a>.<\/p>\n","protected":false},"excerpt":{"rendered":"<p>Per end of day MAR 23, 2026 Founder, Bj\u00f8rn Tore Larsen, is the largest shareholder of Norse Atlantic ASA through B T Larsen &amp; Co Limited. Rank Holding Stake Name 1 &nbsp;&nbsp;&nbsp;&nbsp;&nbsp;&nbsp;&nbsp;&nbsp; 47,904,781 29.5% B T LARSEN &amp; CO LIMITED 2 &nbsp;&nbsp;&nbsp;&nbsp;&nbsp;&nbsp;&nbsp;&nbsp; 13,598,610 8.4% SONGA CAPITAL AS 3 &nbsp;&nbsp;&nbsp;&nbsp;&nbsp;&nbsp;&nbsp;&nbsp; 11,400,000 7.0% UBS FINANCIAL SERVICES INC. [&hellip;]<\/p>\n","protected":false},"author":1,"featured_media":658,"parent":880,"menu_order":5,"comment_status":"closed","ping_status":"closed","template":"","meta":{"align_masthead":"content"},"_links":{"self":[{"href":"https:\/\/corporate.flynorse.com\/en-gb\/wp-json\/wp\/v2\/pages\/83"}],"collection":[{"href":"https:\/\/corporate.flynorse.com\/en-gb\/wp-json\/wp\/v2\/pages"}],"about":[{"href":"https:\/\/corporate.flynorse.com\/en-gb\/wp-json\/wp\/v2\/types\/page"}],"author":[{"embeddable":true,"href":"https:\/\/corporate.flynorse.com\/en-gb\/wp-json\/wp\/v2\/users\/1"}],"replies":[{"embeddable":true,"href":"https:\/\/corporate.flynorse.com\/en-gb\/wp-json\/wp\/v2\/comments?post=83"}],"version-history":[{"count":5,"href":"https:\/\/corporate.flynorse.com\/en-gb\/wp-json\/wp\/v2\/pages\/83\/revisions"}],"predecessor-version":[{"id":1794,"href":"https:\/\/corporate.flynorse.com\/en-gb\/wp-json\/wp\/v2\/pages\/83\/revisions\/1794"}],"up":[{"embeddable":true,"href":"https:\/\/corporate.flynorse.com\/en-gb\/wp-json\/wp\/v2\/pages\/880"}],"wp:featuredmedia":[{"embeddable":true,"href":"https:\/\/corporate.flynorse.com\/en-gb\/wp-json\/wp\/v2\/media\/658"}],"wp:attachment":[{"href":"https:\/\/corporate.flynorse.com\/en-gb\/wp-json\/wp\/v2\/media?parent=83"}],"curies":[{"name":"wp","href":"https:\/\/api.w.org\/{rel}","templated":true}]}}